{"id":826,"date":"2015-01-19T18:36:10","date_gmt":"2015-01-19T18:36:10","guid":{"rendered":"http:\/\/simon-vanhal.com\/?page_id=826"},"modified":"2017-09-21T08:44:44","modified_gmt":"2017-09-21T08:44:44","slug":"ausstellung-hauslbauer","status":"publish","type":"page","link":"http:\/\/simon-vanhal.com\/?page_id=826","title":{"rendered":"H\u00e4uslbauer"},"content":{"rendered":"<p style=\"text-align: center;\" align=\"CENTER\"><span style=\"font-size: large;\"><strong><br \/>\n<\/strong><\/span><\/p>\n<p style=\"text-align: center;\" align=\"CENTER\"><span style=\"font-size: medium;\"><strong>Eine Fotoreportage \u00fcber Menschen ohne festen Wohnsitz<\/strong><\/span><\/p>\n<p style=\"text-align: center;\"><span style=\"font-size: medium;\">&#8222;Obdachlosigkeit hat immer ein Gesicht, eine Geschichte und viel Kummer. Und ich wei\u00df aus der t\u00e4glichen Praxis, dass die Gestalten der Ar\u00admut vielf\u00e4ltig sind und verl\u00e4sslich modern bleiben. Armut ist ein St\u00fcck Realit\u00e4t, leider auch in \u00d6sterreich.&#8220;<\/span><\/p>\n<p style=\"text-align: center;\">Aus dem Vorwort des Ausstellungskataloges von Dr. Michael Landau<\/p>\n<p style=\"text-align: center;\">Acht Monate lang suchte ich wohnungslose Menschen auf, um sie und ihre Schlafstellen zu fotografieren. Ich nahm mir daf\u00fcr viel Zeit, weil es mir nicht nur darum ging zu fotografieren, sondern das pers\u00f6nliche Kennenlernen dieser Menschen und ihrer Geschichten mir genauso wichtig waren.<\/p>\n<p style=\"text-align: center;\">Mit den entstandenen Fotos m\u00f6chte ich der Obdachlosigkeit ein Gesicht geben und den Fokus der \u00d6ffentlichkeit ein wenig auf Menschen lenken, die aus verschiedensten Gr\u00fcnden gezwungen sind bei jedem Wetter im Freien zu schlafen. Dabei war es mir wichtig keine Schockbilder zu produzieren, sondern die ganz pers\u00f6nliche Seite dieser Menschen abzubilden und die zum Teil bewundernswerte Kreativit\u00e4t, mit der sie ihr Lebensumfeld gestalten, zu zeigen.<\/p>\n<p style=\"text-align: center;\"><strong>Buch<\/strong><\/p>\n<p style=\"text-align: center;\">Das Buch zur Ausstellung setzt sich zusammen aus einem Vorwort von Hrn Dr. Landau, einer Fotostrecke aus rund 30 Bildern sowie Ausz\u00fcge aus den transkribierten Interviews. Dieser Ausstellungskatalog erscheint im Kraft Verlag und wurde bei der Ausstellungspr\u00e4sentation am 7.2.2015 im Brick 5 vorgestellt .<\/p>\n<p style=\"text-align: center;\">Das Buch ist erh\u00e4ltlich bei den Ausstellungen, <a href=\"http:\/\/kraft-verlag.de\/category\/book\/\">Kraft Verlag<\/a>, <a href=\"http:\/\/www.amazon.de\/H%C3%A4uslbauer-Fotoreportage-Menschen-festen-Wohnsitz\/dp\/3981022548\/ref=sr_1_10?ie=UTF8&amp;qid=1422614341&amp;sr=8-10&amp;keywords=h%E4uslbauer\">Amazon<\/a> sowie in ausgew\u00e4hlten Buchhandlungen.<\/p>\n<p style=\"text-align: center;\">Das Buch sowie die Ausstellung sind ein non Profit Projekt, sprich es soll kein Gewinn erwirtschaftet werden. Bei der Ausstellung wurde kein Eintritt verlangt sondern es werden Spendenboxen f\u00fcr die Caritas Obdachloseneinrichtung \u201eGruft\u201c aufgestellt. 5,- des Buchpreises gehen direkt an die von mir fotografierten obdachlosen Personen.<\/p>\n<p style=\"text-align: center;\">\u00a0<strong>Ausstellungen<\/strong>:<\/p>\n<p style=\"text-align: center;\">Er\u00f6ffnungsausstellung Magdas Hotel Wien, Wiener Hauptbahnhof, Brick 5 Wien, Fotogalerie Gm\u00fcnd K\u00e4rnten;<\/p>\n<p>&nbsp;<\/p>\n<p>&nbsp;<\/p>\n<p>&nbsp;<\/p>\n<p>&nbsp;<\/p>\n<p style=\"text-align: center;\"><strong>English Version:<\/strong><\/p>\n<p style=\"text-align: center;\">Homelessness always has a face, a story and many sorrows. From my daily involvement, I know that the diverse face of poverty is constantly changing with the present day. Poverty is a part of reality, also in Austria.<\/p>\n<p style=\"text-align: center;\">A collection of photography and stories (about) the homeless inhabitants of wealthy Vienna.<\/p>\n<p style=\"text-align: center;\">With these photos I wanted to give homelessness a face and draw the public\u2019s attention to the people, who for various reasons have no option but to endure year-round conditions and sleep outdoors.<\/p>\n<p style=\"text-align: center;\">It was very important to me not to produce shocking images, but to portray the very personal side of human beings, who often show admirable creativity in the way they fashion their living environments.<\/p>\n<p>&nbsp;<\/p>\n<p>&nbsp;<\/p>\n<p style=\"text-align: center;\"><object type=\"application\/x-shockwave-flash\" data=\"http:\/\/www.youtube.com\/v\/qQY8fRV45Gc&#038;hd=1\" style=\"width:600px;height:360px\"><param name=\"wmode\" value=\"opaque\"><param name=\"movie\" value=\"http:\/\/www.youtube.com\/v\/qQY8fRV45Gc&#038;hd=1\" \/><\/object><\/p>\n","protected":false},"excerpt":{"rendered":"<p>Eine Fotoreportage \u00fcber Menschen ohne festen Wohnsitz &#8222;Obdachlosigkeit hat immer ein Gesicht, eine Geschichte und viel Kummer. Und ich wei\u00df aus der t\u00e4glichen Praxis, dass die Gestalten der Ar\u00admut vielf\u00e4ltig sind und verl\u00e4sslich modern bleiben. Armut ist ein St\u00fcck Realit\u00e4t, leider auch in \u00d6sterreich.&#8220; Aus dem Vorwort des Ausstellungskataloges von Dr. Michael Landau Acht Monate [&hellip;]<\/p>\n","protected":false},"author":1,"featured_media":0,"parent":0,"menu_order":0,"comment_status":"open","ping_status":"open","template":"gallery_2.php","meta":[],"_links":{"self":[{"href":"http:\/\/simon-vanhal.com\/index.php?rest_route=\/wp\/v2\/pages\/826"}],"collection":[{"href":"http:\/\/simon-vanhal.com\/index.php?rest_route=\/wp\/v2\/pages"}],"about":[{"href":"http:\/\/simon-vanhal.com\/index.php?rest_route=\/wp\/v2\/types\/page"}],"author":[{"embeddable":true,"href":"http:\/\/simon-vanhal.com\/index.php?rest_route=\/wp\/v2\/users\/1"}],"replies":[{"embeddable":true,"href":"http:\/\/simon-vanhal.com\/index.php?rest_route=%2Fwp%2Fv2%2Fcomments&post=826"}],"version-history":[{"count":114,"href":"http:\/\/simon-vanhal.com\/index.php?rest_route=\/wp\/v2\/pages\/826\/revisions"}],"predecessor-version":[{"id":1268,"href":"http:\/\/simon-vanhal.com\/index.php?rest_route=\/wp\/v2\/pages\/826\/revisions\/1268"}],"wp:attachment":[{"href":"http:\/\/simon-vanhal.com\/index.php?rest_route=%2Fwp%2Fv2%2Fmedia&parent=826"}],"curies":[{"name":"wp","href":"https:\/\/api.w.org\/{rel}","templated":true}]}}