{"id":1231,"date":"2016-10-20T23:51:05","date_gmt":"2016-10-20T23:51:05","guid":{"rendered":"http:\/\/simon-vanhal.com\/?page_id=1231"},"modified":"2022-04-22T17:45:48","modified_gmt":"2022-04-22T17:45:48","slug":"etappen-einer-flucht","status":"publish","type":"page","link":"http:\/\/simon-vanhal.com\/?page_id=1231","title":{"rendered":"Etappen einer Flucht"},"content":{"rendered":"<p style=\"text-align: center;\"><strong>Ausstellung und Buch<\/strong><\/p>\n<p style=\"text-align: center;\">&#8222;Etappen einer Flucht\u201c (Stages of a Flight) schildert die Geschichten einzelner Menschen auf ihrer Flucht und l\u00e4sst sie zu Wort kommen. Simon van Hal, als Fotograf und Nermin Ismail, als Journalistin und \u00dcbersetzerin, begleiteten Menschen, die ihre Heimat verlassen haben, auf der Suche nach einem neuen Leben. Ob im Schlepperzentrum in Izmir, an der griechischen K\u00fcste, am ungarischen Bahnhof, an der slowenischen Grenze oder in den Unterk\u00fcnften, gibt dieses Projekt den Menschen Raum zu erz\u00e4hlen und schafft ihnen die M\u00f6glichkeit geh\u00f6rt zu werden.<\/p>\n<p style=\"text-align: center;\">Infos zu den Lesungen und\u00a0 Ausstellungen unter <a href=\"https:\/\/living-realities.eu\/exhibition\/\">www.living-realities.eu<\/a><\/p>\n<p style=\"text-align: center;\">Co funded by the Creative Europe Programme<\/p>\n<div style=\"text-align: center;\"><b>Living Realities \u2013 Changing Perceptions<\/b><\/div>\n<div>\n<div style=\"text-align: center;\"><i>Living Realities \u2013 Changing Perceptions<\/i>\u00a0is a socio-political, transdisciplinary art project bringing the contemporary living realities of people who had to leave their countries in search for a new home into focus. The touring exhibition\u00a0<i>Stages of a Flight<\/i>\u00a0forms the common thread throughout the transnational venture and is expanded by participative art projects in each respective country, spanning from the creation of theatre performances, music and singing classes, photography workshops to discourse formats. The project creates encounters through art and encourages dialogue about current questions of arriving and living together, aiming to change perceptions and perspectives for the participants as well as audiences.<\/div>\n<div style=\"text-align: center;\"><\/div>\n<div style=\"text-align: center;\"><b>Context<\/b><\/div>\n<div style=\"text-align: center;\">More than 65.6 million people around the world are currently\u00a0fleeing. Every day, people are forced to leave their homes. There\u00a0are various reasons for this: Many are persecuted for expressing\u00a0opinions that dissent from those of the authorities. Numerous countries\u00a0continue to threaten minorities with execution. Some girls and\u00a0women flee to escape forced marriage. Natural disasters and\u00a0profit driven\u00a0encroachments into the living environment force people to\u00a0leave their homes. To flee is not a crime. Half of all those currently\u00a0fleeing are young people under the age of 18 and children. 84% of\u00a0them find refuge in so-called developing countries. Very few make\u00a0it to Europe. Currently, there is no legal route. The European Union\u00a0is partly responsible for many of the reasons which cause people\u00a0to flee. However, not even 3 % of all those who are fleeing reach\u00a0Europe. A result of the continent\u2019s increasing isolation and the fact\u00a0that more and more people die trying to reach it. It is more important\u00a0than ever that worldwide efforts are made to promote social\u00a0cohesion and that a platform is given to initiatives that encourage\u00a0encounters and foster solidarity.<\/div>\n<div style=\"text-align: center;\"><\/div>\n<\/div>\n<div style=\"text-align: center;\"><strong>Exhibitions<\/strong>:<\/div>\n<div style=\"text-align: center;\">Brunnenpassage Vienna, UN Headquarter Vienna, Fotogallery Gm\u00fcnd, Studio Alta Praha, Impact Hub Athene<\/div>\n","protected":false},"excerpt":{"rendered":"<p>Ausstellung und Buch &#8222;Etappen einer Flucht\u201c (Stages of a Flight) schildert die Geschichten einzelner Menschen auf ihrer Flucht und l\u00e4sst sie zu Wort kommen. Simon van Hal, als Fotograf und Nermin Ismail, als Journalistin und \u00dcbersetzerin, begleiteten Menschen, die ihre Heimat verlassen haben, auf der Suche nach einem neuen Leben. Ob im Schlepperzentrum in Izmir, [&hellip;]<\/p>\n","protected":false},"author":1,"featured_media":0,"parent":0,"menu_order":0,"comment_status":"open","ping_status":"open","template":"gallery_2.php","meta":[],"_links":{"self":[{"href":"http:\/\/simon-vanhal.com\/index.php?rest_route=\/wp\/v2\/pages\/1231"}],"collection":[{"href":"http:\/\/simon-vanhal.com\/index.php?rest_route=\/wp\/v2\/pages"}],"about":[{"href":"http:\/\/simon-vanhal.com\/index.php?rest_route=\/wp\/v2\/types\/page"}],"author":[{"embeddable":true,"href":"http:\/\/simon-vanhal.com\/index.php?rest_route=\/wp\/v2\/users\/1"}],"replies":[{"embeddable":true,"href":"http:\/\/simon-vanhal.com\/index.php?rest_route=%2Fwp%2Fv2%2Fcomments&post=1231"}],"version-history":[{"count":8,"href":"http:\/\/simon-vanhal.com\/index.php?rest_route=\/wp\/v2\/pages\/1231\/revisions"}],"predecessor-version":[{"id":1317,"href":"http:\/\/simon-vanhal.com\/index.php?rest_route=\/wp\/v2\/pages\/1231\/revisions\/1317"}],"wp:attachment":[{"href":"http:\/\/simon-vanhal.com\/index.php?rest_route=%2Fwp%2Fv2%2Fmedia&parent=1231"}],"curies":[{"name":"wp","href":"https:\/\/api.w.org\/{rel}","templated":true}]}}