{"id":12,"date":"2012-05-11T18:45:19","date_gmt":"2012-05-11T18:45:19","guid":{"rendered":"http:\/\/simon-vanhal.com.dd18816.kasserver.com\/?page_id=12"},"modified":"2012-05-25T17:42:15","modified_gmt":"2012-05-25T17:42:15","slug":"imprint","status":"publish","type":"page","link":"http:\/\/simon-vanhal.com\/?page_id=12","title":{"rendered":"Imprint"},"content":{"rendered":"<h3>Datenschutzerkl\u00e4rung<\/h3>\n<p>Simon van Hal Photography leistet keine Gew\u00e4hr (weder ausdr\u00fccklich noch stillschweigend) f\u00fcr die Richtigkeit, Genauigkeit, Vollst\u00e4ndigkeit, Wahrheit und Aktualit\u00e4t der auf der Simon van Hal Photography Website publizierten Informationen und Meinungen. Simon van Hal Photography ist insbesondere in keiner Art verpflichtet, veraltete Informationen oder Meinungen zu aktualisieren, von der Simon van Hal Photography Website zu entfernen oder entsprechend zu kennzeichnen. Die auf der Simon van Hal Photography Website enthaltenen Informationen und Meinungen k\u00f6nnen jederzeit ohne Ank\u00fcndigung ge\u00e4ndert werden.<\/p>\n<p>Simon van Hal Photography \u00fcbernimmt zudem keine Verantwortung und leistet keine Gew\u00e4hr daf\u00fcr, dass die Funktionen der Simon van Hal Photography Website fehlerlos und ununterbrochen zur Verf\u00fcgung stehen und die Simon van Hal Photography Website und andere im Rahmen des Zugriffs auf die Simon van Hal Photography Website benutzte Komponenten frei von sch\u00e4dlichen Elementen (insbesondere Viren) sind.<\/p>\n<p>Soweit die Simon van Hal Photography Website Links oder Pointers auf Webseiten Dritter enth\u00e4lt, \u00fcbernimmt Simon van Hal Photography f\u00fcr die dort erh\u00e4ltlichen Informationen, Mitteilungen, Materialien oder Links auf weitere Webseiten keinerlei Verantwortung. Wir erkl\u00e4ren ausdr\u00fccklich, dass wir uns Inhalte gelinkter Seiten in keinem Fall zu Eigen machen.<\/p>\n<p>Jegliche Haftung von Simon van Hal Photography f\u00fcr Sch\u00e4den irgendwelcher Art (inkl. Folgesch\u00e4den), die direkt oder indirekt aus dem Zugriff auf die Simon van Hal Phtography Website entstehen, ist soweit gesetzlich zul\u00e4ssig ausgeschlossen.<br \/>\nNutzungsbedingungen<br \/>\nBitte haben Sie Verst\u00e4ndnis daf\u00fcr, dass wir aufgrund der vielf\u00e4ltigen M\u00f6glichkeiten und Risiken, die das Internet bietet, zu Ihrem und unserem Schutz einige Rahmenbedingungen zur Nutzung unserer Website aufstellen m\u00fcssen, die wir Sie bitten, zu beachten.<br \/>\naktualisierte Nuzungsbedingun gen<br \/>\nAufgrund der sich st\u00e4ndigen technischen und rechtlichen Neuerungen m\u00fcssen wir die nachstehenden Nutzungsbedingungen von Zeit zu Zeit \u00e4ndern bzw. aktualisieren. Sehen Sie daher vor jeder Nutzung unserer Website nach, wann die letzte Neufassung auf die Website gestellt wurde. Falls Sie eine oder mehrere Regelungen der aktuellen Nutzungsbedingungen nicht verstanden haben oder nicht akzeptieren, bitten wir Sie, die Simon van Hal Photography Website zu verlassen. Die j\u00fcngste Aktualisierung erfolgte im September 2011.<br \/>\nUrheberrechte<br \/>\nS\u00e4mtliche Inhalte der Simon van Hal Photography Website sind immaterialg\u00fcterrechtlich gesch\u00fctzt und stehen im Eigentum der Simon van Hal Photography . Die vollst\u00e4ndige oder teilweise Reproduktion von Elementen der Simon van Hal Photography Website, egal in welcher Form (insbesondere elektronisch oder ausgedruckt), ist nur unter vollst\u00e4ndiger Quellenangabe zul\u00e4ssig. Eine Ver\u00f6ffentlichung von reproduzierten Elementen der Simon van Hal Photography Website ist nur nach vorg\u00e4ngiger schriftlicher Zustimmung durch Simon van Hal Photography und unter vollst\u00e4ndiger Quellenangabe zul\u00e4ssig. Durch das Herunterladen oder Ausdrucken von Elementen der Simon van Hal Photography Website werden keinerlei Rechte, insbesondere keine Rechte mit Bezug auf Software, Marken oder Elemente der Simon van Hal Photography Website, \u00fcbertragen. Wir weisen darauf hin, dass eine Verletzung unserer Urheber- oder sonstigen Schutzrechte zivil- und\/oder strafrechtliche Konsequenzen nach sich ziehen kann.<\/p>\n<p>Diese Website benutzt Google Analytics, einen Webanalysedienst der Google Inc. (\u201eGoogle\u201c). Google Analytics verwendet sog. \u201eCookies\u201c, Textdateien, die auf Ihrem Computer gespeichert werden und die eine Analyse der Benutzung der Website durch Sie erm\u00f6glichen. Die durch den Cookie erzeugten Informationen \u00fcber Ihre Benutzung dieser Website werden in der Regel an einen Server von Google in den USA \u00fcbertragen und dort gespeichert. Im Falle der Aktivierung der IP-Anonymisierung auf dieser Webseite, wird Ihre IP-Adresse von Google jedoch innerhalb von Mitgliedstaaten der Europ\u00e4ischen Union oder in anderen Vertragsstaaten des Abkommens \u00fcber den Europ\u00e4ischen Wirtschaftsraum zuvor gek\u00fcrzt. Nur in Ausnahmef\u00e4llen wird die volle IP-Adresse an einen Server von Google in den USA \u00fcbertragen und dort gek\u00fcrzt. Im Auftrag des Betreibers dieser Website wird Google diese Informationen benutzen, um Ihre Nutzung der Website auszuwerten, um Reports \u00fcber die Websiteaktivit\u00e4ten zusammenzustellen und um weitere mit der Websitenutzung und der Internetnutzung verbundene Dienstleistungen gegen\u00fcber dem Websitebetreiber zu erbringen. Die im Rahmen von Google Analytics von Ihrem Browser \u00fcbermittelte IP-Adresse wird nicht mit anderen Daten von Google zusammengef\u00fchrt. Sie k\u00f6nnen die Speicherung der Cookies durch eine entsprechende Einstellung Ihrer Browser-Software verhindern; wir weisen Sie jedoch darauf hin, dass Sie in diesem Fall gegebenenfalls nicht s\u00e4mtliche Funktionen dieser Website vollumf\u00e4nglich werden nutzen k\u00f6nnen. Sie k\u00f6nnen dar\u00fcber hinaus die Erfassung der durch das Cookie erzeugten und auf Ihre Nutzung der Website bezogenen Daten (inkl. Ihrer IP-Adresse) an Google sowie die Verarbeitung dieser Daten durch Google verhindern, indem sie das unter dem folgenden Link verf\u00fcgbare Browser-Plugin herunterladen und installieren: http:\/\/tools.google.com\/dlpage\/gaoptout<\/p>\n","protected":false},"excerpt":{"rendered":"<p>Datenschutzerkl\u00e4rung Simon van Hal Photography leistet keine Gew\u00e4hr (weder ausdr\u00fccklich noch stillschweigend) f\u00fcr die Richtigkeit, Genauigkeit, Vollst\u00e4ndigkeit, Wahrheit und Aktualit\u00e4t der auf der Simon van Hal Photography Website publizierten Informationen und Meinungen. Simon van Hal Photography ist insbesondere in keiner Art verpflichtet, veraltete Informationen oder Meinungen zu aktualisieren, von der Simon van Hal Photography Website [&hellip;]<\/p>\n","protected":false},"author":1,"featured_media":0,"parent":0,"menu_order":0,"comment_status":"open","ping_status":"open","template":"","meta":[],"_links":{"self":[{"href":"http:\/\/simon-vanhal.com\/index.php?rest_route=\/wp\/v2\/pages\/12"}],"collection":[{"href":"http:\/\/simon-vanhal.com\/index.php?rest_route=\/wp\/v2\/pages"}],"about":[{"href":"http:\/\/simon-vanhal.com\/index.php?rest_route=\/wp\/v2\/types\/page"}],"author":[{"embeddable":true,"href":"http:\/\/simon-vanhal.com\/index.php?rest_route=\/wp\/v2\/users\/1"}],"replies":[{"embeddable":true,"href":"http:\/\/simon-vanhal.com\/index.php?rest_route=%2Fwp%2Fv2%2Fcomments&post=12"}],"version-history":[{"count":15,"href":"http:\/\/simon-vanhal.com\/index.php?rest_route=\/wp\/v2\/pages\/12\/revisions"}],"predecessor-version":[{"id":327,"href":"http:\/\/simon-vanhal.com\/index.php?rest_route=\/wp\/v2\/pages\/12\/revisions\/327"}],"wp:attachment":[{"href":"http:\/\/simon-vanhal.com\/index.php?rest_route=%2Fwp%2Fv2%2Fmedia&parent=12"}],"curies":[{"name":"wp","href":"https:\/\/api.w.org\/{rel}","templated":true}]}}